{"id":9,"date":"2021-08-10T17:05:13","date_gmt":"2021-08-10T15:05:13","guid":{"rendered":"https:\/\/vekstinnlandet.no\/?page_id=9"},"modified":"2024-09-13T11:44:53","modified_gmt":"2024-09-13T09:44:53","slug":"hovedside","status":"publish","type":"page","link":"https:\/\/vekstinnlandet.no\/","title":{"rendered":"Hovedside"},"content":{"rendered":"\t\t<div data-elementor-type=\"wp-page\" data-elementor-id=\"9\" class=\"elementor elementor-9\" data-elementor-post-type=\"page\">\n\t\t\t\t\t\t<section class=\"elementor-section elementor-top-section elementor-element elementor-element-84ea8e1 elementor-section-boxed elementor-section-height-default elementor-section-height-default\" data-id=\"84ea8e1\" data-element_type=\"section\" data-e-type=\"section\">\n\t\t\t\t\t\t<div class=\"elementor-container elementor-column-gap-default\">\n\t\t\t\t\t<div class=\"elementor-column elementor-col-100 elementor-top-column elementor-element elementor-element-29b5285\" data-id=\"29b5285\" data-element_type=\"column\" data-e-type=\"column\">\n\t\t\t<div class=\"elementor-widget-wrap elementor-element-populated\">\n\t\t\t\t\t\t\t<\/div>\n\t\t<\/div>\n\t\t\t\t\t<\/div>\n\t\t<\/section>\n\t\t\t\t<section class=\"elementor-section elementor-top-section elementor-element elementor-element-a64e33d elementor-section-boxed elementor-section-height-default elementor-section-height-default\" data-id=\"a64e33d\" data-element_type=\"section\" data-e-type=\"section\" data-settings=\"{&quot;background_background&quot;:&quot;classic&quot;}\">\n\t\t\t\t\t\t<div class=\"elementor-container elementor-column-gap-default\">\n\t\t\t\t\t<div class=\"elementor-column elementor-col-100 elementor-top-column elementor-element elementor-element-a612d72\" data-id=\"a612d72\" data-element_type=\"column\" data-e-type=\"column\">\n\t\t\t<div class=\"elementor-widget-wrap elementor-element-populated\">\n\t\t\t\t\t\t<div class=\"elementor-element elementor-element-69e3f2f elementor-cta--layout-image-above elementor-cta--valign-middle elementor-widget__width-initial elementor-cta--skin-classic elementor-animated-content elementor-widget elementor-widget-call-to-action\" data-id=\"69e3f2f\" data-element_type=\"widget\" data-e-type=\"widget\" data-settings=\"{&quot;motion_fx_motion_fx_scrolling&quot;:&quot;yes&quot;,&quot;motion_fx_translateY_effect&quot;:&quot;yes&quot;,&quot;motion_fx_translateY_speed&quot;:{&quot;unit&quot;:&quot;px&quot;,&quot;size&quot;:0,&quot;sizes&quot;:[]},&quot;motion_fx_translateY_affectedRange&quot;:{&quot;unit&quot;:&quot;%&quot;,&quot;size&quot;:&quot;&quot;,&quot;sizes&quot;:{&quot;start&quot;:0,&quot;end&quot;:100}},&quot;motion_fx_devices&quot;:[&quot;desktop&quot;,&quot;tablet&quot;,&quot;mobile&quot;]}\" data-widget_type=\"call-to-action.default\">\n\t\t\t\t<div class=\"elementor-widget-container\">\n\t\t\t\t\t\t\t<div class=\"elementor-cta\">\n\t\t\t\t\t\t\t<div class=\"elementor-cta__content\">\n\t\t\t\t\n\t\t\t\t\t\t\t\t\t<h2 class=\"elementor-cta__title elementor-cta__content-item elementor-content-item\">\n\t\t\t\t\t\tOK Vekst Innlandet\t\t\t\t\t<\/h2>\n\t\t\t\t\n\t\t\t\t\t\t\t\t\t<div class=\"elementor-cta__description elementor-cta__content-item elementor-content-item\">\n\t\t\t\t\t\tOppl\u00e6ringskontor for vekst- og arbeidsinkluderende bedrifter i Innlandet\t\t\t\t\t<\/div>\n\t\t\t\t\n\t\t\t\t\t\t\t<\/div>\n\t\t\t\t\t\t<\/div>\n\t\t\t\t\t\t<\/div>\n\t\t\t\t<\/div>\n\t\t\t\t<div class=\"elementor-element elementor-element-845fcc1 elementor-widget elementor-widget-video\" data-id=\"845fcc1\" data-element_type=\"widget\" data-e-type=\"widget\" data-settings=\"{&quot;youtube_url&quot;:&quot;https:\\\/\\\/youtu.be\\\/Z4qxDsPfcXQ&quot;,&quot;video_type&quot;:&quot;youtube&quot;,&quot;controls&quot;:&quot;yes&quot;}\" data-widget_type=\"video.default\">\n\t\t\t\t<div class=\"elementor-widget-container\">\n\t\t\t\t\t\t\t<div class=\"elementor-wrapper elementor-open-inline\">\n\t\t\t<div class=\"elementor-video\"><\/div>\t\t<\/div>\n\t\t\t\t\t\t<\/div>\n\t\t\t\t<\/div>\n\t\t\t\t\t<\/div>\n\t\t<\/div>\n\t\t\t\t\t<\/div>\n\t\t<\/section>\n\t\t\t\t<section class=\"elementor-section elementor-top-section elementor-element elementor-element-d6b2bf2 elementor-section-boxed elementor-section-height-default elementor-section-height-default\" data-id=\"d6b2bf2\" data-element_type=\"section\" data-e-type=\"section\">\n\t\t\t\t\t\t<div class=\"elementor-container elementor-column-gap-default\">\n\t\t\t\t\t<div class=\"elementor-column elementor-col-100 elementor-top-column elementor-element elementor-element-4932d8b\" data-id=\"4932d8b\" data-element_type=\"column\" data-e-type=\"column\">\n\t\t\t<div class=\"elementor-widget-wrap\">\n\t\t\t\t\t\t\t<\/div>\n\t\t<\/div>\n\t\t\t\t\t<\/div>\n\t\t<\/section>\n\t\t\t\t<section class=\"elementor-section elementor-top-section elementor-element elementor-element-22827dc elementor-section-boxed elementor-section-height-default elementor-section-height-default\" data-id=\"22827dc\" data-element_type=\"section\" data-e-type=\"section\">\n\t\t\t\t\t\t<div class=\"elementor-container elementor-column-gap-default\">\n\t\t\t\t\t<div class=\"elementor-column elementor-col-100 elementor-top-column elementor-element elementor-element-cde2489\" data-id=\"cde2489\" data-element_type=\"column\" data-e-type=\"column\">\n\t\t\t<div class=\"elementor-widget-wrap elementor-element-populated\">\n\t\t\t\t\t\t<div class=\"elementor-element elementor-element-d9ff31b elementor-widget elementor-widget-text-editor\" data-id=\"d9ff31b\" data-element_type=\"widget\" data-e-type=\"widget\" data-widget_type=\"text-editor.default\">\n\t\t\t\t<div class=\"elementor-widget-container\">\n\t\t\t\t\t\t\t\t\t<p>Et oppl\u00e6ringskontor er et samarbeidsorgan der flere godkjente l\u00e6rebedrifter samarbeider om oppl\u00e6ring av sine l\u00e6rlinger og l\u00e6rekandidater. Dette kan eksistere b\u00e5de bransjevis og som tverrfaglige oppl\u00e6ringskontorer. Medlemsbedriften inng\u00e5r oppl\u00e6ringskontrakt med l\u00e6rekandidaten, og som har l\u00f8nns- og arbeidsgiveransvaret. L\u00e6rekandidaten kan v\u00e6re stasjonert i bedrifter innen ulike fag, som f.eks. ern\u00e6ringskokk, m\u00f8belsnekker, logistikk og salgslaget.<\/p><div class=\"elementor-element elementor-element-aadafa9 elementor-widget elementor-widget-heading\" data-id=\"aadafa9\" data-element_type=\"widget\" data-widget_type=\"heading.default\"><div class=\"elementor-widget-container\"><h5 class=\"elementor-heading-title elementor-size-default\">Noen av OK Vekst sine oppgaver<\/h5><\/div><\/div><div class=\"elementor-element elementor-element-d1f78a7 elementor-widget elementor-widget-text-editor\" data-id=\"d1f78a7\" data-element_type=\"widget\" data-widget_type=\"text-editor.default\"><div class=\"elementor-widget-container\"><ul><li>Informasjonsarbeid til skoler og andre om l\u00e6rekandidatordningen for aktuelle s\u00f8kere<\/li><li>Samarbeid med skoler om s\u00f8kere og koordinering av yrkesfaglig fordypning (YFF)<\/li><li>Samarbeid med Innlandet Fylkeskommune\u00a0om inng\u00e5else av oppl\u00e6ringskontrakter<\/li><li>Fungere som et bindeledd mellom medlemsbedriftene, l\u00e6rekandidatene og fylkeskommunen<\/li><li>Samarbeid med medlemsbedriftene om oppstart, individuelle oppl\u00e6ringsplaner,<br \/>vurderingssamtaler, samt generell oppf\u00f8lging av l\u00e6rekandidatene gjennom l\u00e6retiden<\/li><li>Ansvarlig for oppmelding til kompetansepr\u00f8ven<\/li><li>Gi relevant kompetanseutvikling i bedriftene<\/li><li>Samarbeid med fylkeskommunen om utdeling av kompetansebrev<\/li><\/ul><\/div><\/div>\t\t\t\t\t\t\t\t<\/div>\n\t\t\t\t<\/div>\n\t\t\t\t\t<\/div>\n\t\t<\/div>\n\t\t\t\t\t<\/div>\n\t\t<\/section>\n\t\t\t\t<section class=\"elementor-section elementor-top-section elementor-element elementor-element-12feb53 elementor-section-boxed elementor-section-height-default elementor-section-height-default\" data-id=\"12feb53\" data-element_type=\"section\" data-e-type=\"section\">\n\t\t\t\t\t\t<div class=\"elementor-container elementor-column-gap-default\">\n\t\t\t\t\t<div class=\"elementor-column elementor-col-33 elementor-top-column elementor-element elementor-element-a5911e4\" data-id=\"a5911e4\" data-element_type=\"column\" data-e-type=\"column\">\n\t\t\t<div class=\"elementor-widget-wrap elementor-element-populated\">\n\t\t\t\t\t\t<div class=\"elementor-element elementor-element-5a06f58 elementor-widget elementor-widget-video\" data-id=\"5a06f58\" data-element_type=\"widget\" data-e-type=\"widget\" data-settings=\"{&quot;youtube_url&quot;:&quot;https:\\\/\\\/youtu.be\\\/xZ56J5gFIgc&quot;,&quot;video_type&quot;:&quot;youtube&quot;,&quot;controls&quot;:&quot;yes&quot;}\" data-widget_type=\"video.default\">\n\t\t\t\t<div class=\"elementor-widget-container\">\n\t\t\t\t\t\t\t<div class=\"elementor-wrapper elementor-open-inline\">\n\t\t\t<div class=\"elementor-video\"><\/div>\t\t<\/div>\n\t\t\t\t\t\t<\/div>\n\t\t\t\t<\/div>\n\t\t\t\t\t<\/div>\n\t\t<\/div>\n\t\t\t\t<div class=\"elementor-column elementor-col-33 elementor-top-column elementor-element elementor-element-db33299\" data-id=\"db33299\" data-element_type=\"column\" data-e-type=\"column\">\n\t\t\t<div class=\"elementor-widget-wrap elementor-element-populated\">\n\t\t\t\t\t\t<div class=\"elementor-element elementor-element-34b2156 elementor-widget elementor-widget-video\" data-id=\"34b2156\" data-element_type=\"widget\" data-e-type=\"widget\" data-settings=\"{&quot;youtube_url&quot;:&quot;https:\\\/\\\/youtu.be\\\/6Fek3B5FCKU&quot;,&quot;video_type&quot;:&quot;youtube&quot;,&quot;controls&quot;:&quot;yes&quot;}\" data-widget_type=\"video.default\">\n\t\t\t\t<div class=\"elementor-widget-container\">\n\t\t\t\t\t\t\t<div class=\"elementor-wrapper elementor-open-inline\">\n\t\t\t<div class=\"elementor-video\"><\/div>\t\t<\/div>\n\t\t\t\t\t\t<\/div>\n\t\t\t\t<\/div>\n\t\t\t\t\t<\/div>\n\t\t<\/div>\n\t\t\t\t<div class=\"elementor-column elementor-col-33 elementor-top-column elementor-element elementor-element-c00b7d9\" data-id=\"c00b7d9\" data-element_type=\"column\" data-e-type=\"column\">\n\t\t\t<div class=\"elementor-widget-wrap elementor-element-populated\">\n\t\t\t\t\t\t\t<\/div>\n\t\t<\/div>\n\t\t\t\t\t<\/div>\n\t\t<\/section>\n\t\t\t\t<\/div>\n\t\t","protected":false},"excerpt":{"rendered":"<p>OK Vekst Innlandet Oppl\u00e6ringskontor for vekst- og arbeidsinkluderende bedrifter i Innlandet https:\/\/youtu.be\/Z4qxDsPfcXQ Et oppl\u00e6ringskontor er et samarbeidsorgan der flere godkjente l\u00e6rebedrifter samarbeider om oppl\u00e6ring av sine l\u00e6rlinger og l\u00e6rekandidater. Dette kan eksistere b\u00e5de bransjevis og som tverrfaglige oppl\u00e6ringskontorer. Medlemsbedriften inng\u00e5r oppl\u00e6ringskontrakt med l\u00e6rekandidaten, og som har l\u00f8nns- og arbeidsgiveransvaret. L\u00e6rekandidaten kan v\u00e6re stasjonert i bedrifter &hellip;<\/p>\n<p class=\"read-more\"> <a class=\"\" href=\"https:\/\/vekstinnlandet.no\/\"> <span class=\"screen-reader-text\">Hovedside<\/span> Les mer &raquo;<\/a><\/p>\n","protected":false},"author":1,"featured_media":0,"parent":0,"menu_order":0,"comment_status":"closed","ping_status":"closed","template":"","meta":{"footnotes":""},"class_list":["post-9","page","type-page","status-publish","hentry"],"_links":{"self":[{"href":"https:\/\/vekstinnlandet.no\/index.php\/wp-json\/wp\/v2\/pages\/9","targetHints":{"allow":["GET"]}}],"collection":[{"href":"https:\/\/vekstinnlandet.no\/index.php\/wp-json\/wp\/v2\/pages"}],"about":[{"href":"https:\/\/vekstinnlandet.no\/index.php\/wp-json\/wp\/v2\/types\/page"}],"author":[{"embeddable":true,"href":"https:\/\/vekstinnlandet.no\/index.php\/wp-json\/wp\/v2\/users\/1"}],"replies":[{"embeddable":true,"href":"https:\/\/vekstinnlandet.no\/index.php\/wp-json\/wp\/v2\/comments?post=9"}],"version-history":[{"count":246,"href":"https:\/\/vekstinnlandet.no\/index.php\/wp-json\/wp\/v2\/pages\/9\/revisions"}],"predecessor-version":[{"id":1318,"href":"https:\/\/vekstinnlandet.no\/index.php\/wp-json\/wp\/v2\/pages\/9\/revisions\/1318"}],"wp:attachment":[{"href":"https:\/\/vekstinnlandet.no\/index.php\/wp-json\/wp\/v2\/media?parent=9"}],"curies":[{"name":"wp","href":"https:\/\/api.w.org\/{rel}","templated":true}]}}