{"id":30,"date":"2021-08-10T17:33:38","date_gmt":"2021-08-10T15:33:38","guid":{"rendered":"https:\/\/vekstinnlandet.no\/?page_id=30"},"modified":"2024-09-13T11:59:58","modified_gmt":"2024-09-13T09:59:58","slug":"laererkandidatordning","status":"publish","type":"page","link":"https:\/\/vekstinnlandet.no\/index.php\/laererkandidatordning\/","title":{"rendered":"L\u00e6rekandidatordning"},"content":{"rendered":"\t\t<div data-elementor-type=\"wp-page\" data-elementor-id=\"30\" class=\"elementor elementor-30\" data-elementor-post-type=\"page\">\n\t\t\t\t\t\t<section class=\"elementor-section elementor-top-section elementor-element elementor-element-43c72f5 elementor-section-boxed elementor-section-height-default elementor-section-height-default\" data-id=\"43c72f5\" data-element_type=\"section\" data-e-type=\"section\" data-settings=\"{&quot;background_background&quot;:&quot;classic&quot;}\">\n\t\t\t\t\t\t<div class=\"elementor-container elementor-column-gap-default\">\n\t\t\t\t\t<div class=\"elementor-column elementor-col-100 elementor-top-column elementor-element elementor-element-3830b3d\" data-id=\"3830b3d\" data-element_type=\"column\" data-e-type=\"column\">\n\t\t\t<div class=\"elementor-widget-wrap elementor-element-populated\">\n\t\t\t\t\t\t<div class=\"elementor-element elementor-element-dbb93da elementor-widget elementor-widget-heading\" data-id=\"dbb93da\" data-element_type=\"widget\" data-e-type=\"widget\" data-widget_type=\"heading.default\">\n\t\t\t\t<div class=\"elementor-widget-container\">\n\t\t\t\t\t<h2 class=\"elementor-heading-title elementor-size-default\">L\u00e6rekandidatordningen<\/h2>\t\t\t\t<\/div>\n\t\t\t\t<\/div>\n\t\t\t\t\t<\/div>\n\t\t<\/div>\n\t\t\t\t\t<\/div>\n\t\t<\/section>\n\t\t\t\t<section class=\"elementor-section elementor-top-section elementor-element elementor-element-3b082d0 elementor-section-boxed elementor-section-height-default elementor-section-height-default\" data-id=\"3b082d0\" data-element_type=\"section\" data-e-type=\"section\">\n\t\t\t\t\t\t\t<div class=\"elementor-background-overlay\"><\/div>\n\t\t\t\t\t\t\t<div class=\"elementor-container elementor-column-gap-default\">\n\t\t\t\t\t<div class=\"elementor-column elementor-col-100 elementor-top-column elementor-element elementor-element-90c9d5a\" data-id=\"90c9d5a\" data-element_type=\"column\" data-e-type=\"column\">\n\t\t\t<div class=\"elementor-widget-wrap elementor-element-populated\">\n\t\t\t\t\t\t<div class=\"elementor-element elementor-element-353bca0 elementor-widget elementor-widget-text-editor\" data-id=\"353bca0\" data-element_type=\"widget\" data-e-type=\"widget\" data-widget_type=\"text-editor.default\">\n\t\t\t\t<div class=\"elementor-widget-container\">\n\t\t\t\t\t\t\t\t\t<p><span style=\"font-size: 16px; font-style: inherit; color: var( --e-global-color-text ); font-family: var( --e-global-typography-text-font-family ), Sans-serif;\">\u00a0<\/span><\/p><p><span style=\"font-size: 16px; font-style: inherit; color: var( --e-global-color-text ); font-family: var( --e-global-typography-text-font-family ), Sans-serif;\">L\u00e6rekandidatordningen og l\u00e6rlingeordningen er to likestilte ordninger, med samme rettigheter og plikter i den videreg\u00e5ende oppl\u00e6ringen.<\/span><\/p><div class=\"elementor-element elementor-element-226c7ac elementor-widget elementor-widget-text-editor\" data-id=\"226c7ac\" data-element_type=\"widget\" data-widget_type=\"text-editor.default\"><div class=\"elementor-widget-container\"><p>Uansett ordning fullf\u00f8rer elevene som hovedregel to \u00e5r p\u00e5 videreg\u00e5ende skole f\u00f8r de fortsetter oppl\u00e6ringen to \u00e5r i bedrift. Denne modellen kalles \u00ab2 + 2 modellen\u00bb. Det som skiller ordningene, er at l\u00e6rekandidatene f\u00e5r oppl\u00e6ring i en vekstbedrift hvor de jobber mot utvalgte kompetansem\u00e5l. De aller fleste mottar oppl\u00e6ringen ved vekstbedriften, men det er mulig \u00e5 etablere ekstern arbeidsplass som oppl\u00e6ringsarena, da med tett oppf\u00f8lging fra vekstbedriften. L\u00e6rekandidatene oppn\u00e5r grunnkompetanse ved fullf\u00f8rt l\u00e6retid. Der L\u00e6rlinger mottar \u00abFagbrev\u00bb, mottar l\u00e6rekandidater \u00abKompetansebrev\u00bb ved best\u00e5tt pr\u00f8ve.<\/p><h5><strong>Yrkeskartlegging<\/strong><\/h5><p>Allerede i andre klasse p\u00e5 videreg\u00e5ende skole (Vg2) kan elevene starte opp Yrkeskartlegging i en av medlemsbedriftene. Elever som er vurdert som s\u00f8kere til l\u00e6rekandidatordningen f\u00e5r da pr\u00f8ve seg i jobb innenfor sitt fag ved en vekstbedrift. Denne kartleggingen danner grunnlag for eventuell l\u00e6replass i bedriften.<\/p><h4><strong>S\u00d8KNADSSKJEMA<\/strong><\/h4><p>Her finner du <a href=\"https:\/\/www.vismasignforms.com\/nb\/form\/135056cc-a2cb-40a0-92fc-035e14ffae23\">S\u00f8knadsskjema\u00a0\u00a0<\/a><\/p><h4><strong>INFORMASJONSSKRIV<\/strong><\/h4><p>Her finner du <a href=\"https:\/\/vekstinnlandet.no\/wp-content\/uploads\/2024\/04\/Informasjonsskriv.pdf\">Informasjonsskriv<\/a><\/p><\/div><p>\u00a0<\/p><\/div>\t\t\t\t\t\t\t\t<\/div>\n\t\t\t\t<\/div>\n\t\t\t\t\t<\/div>\n\t\t<\/div>\n\t\t\t\t\t<\/div>\n\t\t<\/section>\n\t\t\t\t<section class=\"elementor-section elementor-top-section elementor-element elementor-element-7cee9df elementor-section-boxed elementor-section-height-default elementor-section-height-default\" data-id=\"7cee9df\" data-element_type=\"section\" data-e-type=\"section\">\n\t\t\t\t\t\t<div class=\"elementor-container elementor-column-gap-default\">\n\t\t\t\t\t<div class=\"elementor-column elementor-col-100 elementor-top-column elementor-element elementor-element-741b1a6\" data-id=\"741b1a6\" data-element_type=\"column\" data-e-type=\"column\">\n\t\t\t<div class=\"elementor-widget-wrap elementor-element-populated\">\n\t\t\t\t\t\t<div class=\"elementor-element elementor-element-642b715 elementor-widget elementor-widget-text-editor\" data-id=\"642b715\" data-element_type=\"widget\" data-e-type=\"widget\" data-widget_type=\"text-editor.default\">\n\t\t\t\t<div class=\"elementor-widget-container\">\n\t\t\t\t\t\t\t\t\t<h4><strong>\u00c5rshjul:<\/strong><\/h4><p>Her finner dere \u00e5rshjulet for OK Vekst Innlandet. Klikk p\u00e5 bildet og kom til en digital versjon med forklaringer.<\/p><p>\u00a0<\/p>\t\t\t\t\t\t\t\t<\/div>\n\t\t\t\t<\/div>\n\t\t\t\t\t<\/div>\n\t\t<\/div>\n\t\t\t\t\t<\/div>\n\t\t<\/section>\n\t\t\t\t<section class=\"elementor-section elementor-top-section elementor-element elementor-element-3a6dd3f elementor-section-boxed elementor-section-height-default elementor-section-height-default\" data-id=\"3a6dd3f\" data-element_type=\"section\" data-e-type=\"section\">\n\t\t\t\t\t\t<div class=\"elementor-container elementor-column-gap-default\">\n\t\t\t\t\t<div class=\"elementor-column elementor-col-100 elementor-top-column elementor-element elementor-element-58e9287\" data-id=\"58e9287\" data-element_type=\"column\" data-e-type=\"column\">\n\t\t\t<div class=\"elementor-widget-wrap elementor-element-populated\">\n\t\t\t\t\t\t<div class=\"elementor-element elementor-element-682ce07 elementor-widget elementor-widget-image\" data-id=\"682ce07\" data-element_type=\"widget\" data-e-type=\"widget\" data-widget_type=\"image.default\">\n\t\t\t\t<div class=\"elementor-widget-container\">\n\t\t\t\t\t\t\t\t\t\t\t\t\t\t\t\t<a href=\"https:\/\/create.plandisc.com\/cix6gVw\">\n\t\t\t\t\t\t\t<img fetchpriority=\"high\" decoding=\"async\" width=\"1024\" height=\"1007\" src=\"https:\/\/vekstinnlandet.no\/wp-content\/uploads\/2024\/09\/Skjermbilde-2024-09-13-kl.-11.58.56-1024x1007.png\" class=\"attachment-large size-large wp-image-1328\" alt=\"\" srcset=\"https:\/\/vekstinnlandet.no\/wp-content\/uploads\/2024\/09\/Skjermbilde-2024-09-13-kl.-11.58.56-1024x1007.png 1024w, https:\/\/vekstinnlandet.no\/wp-content\/uploads\/2024\/09\/Skjermbilde-2024-09-13-kl.-11.58.56-300x295.png 300w, https:\/\/vekstinnlandet.no\/wp-content\/uploads\/2024\/09\/Skjermbilde-2024-09-13-kl.-11.58.56-768x755.png 768w, https:\/\/vekstinnlandet.no\/wp-content\/uploads\/2024\/09\/Skjermbilde-2024-09-13-kl.-11.58.56-1536x1510.png 1536w, https:\/\/vekstinnlandet.no\/wp-content\/uploads\/2024\/09\/Skjermbilde-2024-09-13-kl.-11.58.56.png 1664w\" sizes=\"(max-width: 1024px) 100vw, 1024px\" \/>\t\t\t\t\t\t\t\t<\/a>\n\t\t\t\t\t\t\t\t\t\t\t\t\t\t\t<\/div>\n\t\t\t\t<\/div>\n\t\t\t\t\t<\/div>\n\t\t<\/div>\n\t\t\t\t\t<\/div>\n\t\t<\/section>\n\t\t\t\t<\/div>\n\t\t","protected":false},"excerpt":{"rendered":"<p>L\u00e6rekandidatordningen \u00a0 L\u00e6rekandidatordningen og l\u00e6rlingeordningen er to likestilte ordninger, med samme rettigheter og plikter i den videreg\u00e5ende oppl\u00e6ringen. Uansett ordning fullf\u00f8rer elevene som hovedregel to \u00e5r p\u00e5 videreg\u00e5ende skole f\u00f8r de fortsetter oppl\u00e6ringen to \u00e5r i bedrift. Denne modellen kalles \u00ab2 + 2 modellen\u00bb. Det som skiller ordningene, er at l\u00e6rekandidatene f\u00e5r oppl\u00e6ring i en &hellip;<\/p>\n<p class=\"read-more\"> <a class=\"\" href=\"https:\/\/vekstinnlandet.no\/index.php\/laererkandidatordning\/\"> <span class=\"screen-reader-text\">L\u00e6rekandidatordning<\/span> Les mer &raquo;<\/a><\/p>\n","protected":false},"author":1,"featured_media":0,"parent":0,"menu_order":0,"comment_status":"closed","ping_status":"closed","template":"","meta":{"footnotes":""},"class_list":["post-30","page","type-page","status-publish","hentry"],"_links":{"self":[{"href":"https:\/\/vekstinnlandet.no\/index.php\/wp-json\/wp\/v2\/pages\/30","targetHints":{"allow":["GET"]}}],"collection":[{"href":"https:\/\/vekstinnlandet.no\/index.php\/wp-json\/wp\/v2\/pages"}],"about":[{"href":"https:\/\/vekstinnlandet.no\/index.php\/wp-json\/wp\/v2\/types\/page"}],"author":[{"embeddable":true,"href":"https:\/\/vekstinnlandet.no\/index.php\/wp-json\/wp\/v2\/users\/1"}],"replies":[{"embeddable":true,"href":"https:\/\/vekstinnlandet.no\/index.php\/wp-json\/wp\/v2\/comments?post=30"}],"version-history":[{"count":74,"href":"https:\/\/vekstinnlandet.no\/index.php\/wp-json\/wp\/v2\/pages\/30\/revisions"}],"predecessor-version":[{"id":1331,"href":"https:\/\/vekstinnlandet.no\/index.php\/wp-json\/wp\/v2\/pages\/30\/revisions\/1331"}],"wp:attachment":[{"href":"https:\/\/vekstinnlandet.no\/index.php\/wp-json\/wp\/v2\/media?parent=30"}],"curies":[{"name":"wp","href":"https:\/\/api.w.org\/{rel}","templated":true}]}}