{"id":25,"date":"2021-08-10T17:31:48","date_gmt":"2021-08-10T15:31:48","guid":{"rendered":"https:\/\/vekstinnlandet.no\/?page_id=25"},"modified":"2024-02-29T13:56:47","modified_gmt":"2024-02-29T12:56:47","slug":"om-oss","status":"publish","type":"page","link":"https:\/\/vekstinnlandet.no\/index.php\/om-oss\/","title":{"rendered":"Om oss"},"content":{"rendered":"\t\t<div data-elementor-type=\"wp-page\" data-elementor-id=\"25\" class=\"elementor elementor-25\" data-elementor-post-type=\"page\">\n\t\t\t\t\t\t<section class=\"elementor-section elementor-top-section elementor-element elementor-element-b0bf3d5 elementor-section-boxed elementor-section-height-default elementor-section-height-default\" data-id=\"b0bf3d5\" data-element_type=\"section\" data-e-type=\"section\" data-settings=\"{&quot;background_background&quot;:&quot;classic&quot;}\">\n\t\t\t\t\t\t<div class=\"elementor-container elementor-column-gap-default\">\n\t\t\t\t\t<div class=\"elementor-column elementor-col-100 elementor-top-column elementor-element elementor-element-ae91cbd\" data-id=\"ae91cbd\" data-element_type=\"column\" data-e-type=\"column\">\n\t\t\t<div class=\"elementor-widget-wrap elementor-element-populated\">\n\t\t\t\t\t\t<div class=\"elementor-element elementor-element-2f58006 elementor-widget elementor-widget-heading\" data-id=\"2f58006\" data-element_type=\"widget\" data-e-type=\"widget\" data-widget_type=\"heading.default\">\n\t\t\t\t<div class=\"elementor-widget-container\">\n\t\t\t\t\t<h2 class=\"elementor-heading-title elementor-size-default\">Om OK Vekst Innlandet<\/h2>\t\t\t\t<\/div>\n\t\t\t\t<\/div>\n\t\t\t\t\t<\/div>\n\t\t<\/div>\n\t\t\t\t\t<\/div>\n\t\t<\/section>\n\t\t\t\t<section class=\"elementor-section elementor-top-section elementor-element elementor-element-7441eee elementor-section-boxed elementor-section-height-default elementor-section-height-default\" data-id=\"7441eee\" data-element_type=\"section\" data-e-type=\"section\">\n\t\t\t\t\t\t<div class=\"elementor-container elementor-column-gap-default\">\n\t\t\t\t\t<div class=\"elementor-column elementor-col-33 elementor-top-column elementor-element elementor-element-a0f6b8a\" data-id=\"a0f6b8a\" data-element_type=\"column\" data-e-type=\"column\">\n\t\t\t<div class=\"elementor-widget-wrap elementor-element-populated\">\n\t\t\t\t\t\t<div class=\"elementor-element elementor-element-01e10b0 elementor-widget elementor-widget-video\" data-id=\"01e10b0\" data-element_type=\"widget\" data-e-type=\"widget\" data-settings=\"{&quot;youtube_url&quot;:&quot;https:\\\/\\\/youtu.be\\\/xZ56J5gFIgc&quot;,&quot;video_type&quot;:&quot;youtube&quot;,&quot;controls&quot;:&quot;yes&quot;}\" data-widget_type=\"video.default\">\n\t\t\t\t<div class=\"elementor-widget-container\">\n\t\t\t\t\t\t\t<div class=\"elementor-wrapper elementor-open-inline\">\n\t\t\t<div class=\"elementor-video\"><\/div>\t\t<\/div>\n\t\t\t\t\t\t<\/div>\n\t\t\t\t<\/div>\n\t\t\t\t\t<\/div>\n\t\t<\/div>\n\t\t\t\t<div class=\"elementor-column elementor-col-33 elementor-top-column elementor-element elementor-element-7bdedf0\" data-id=\"7bdedf0\" data-element_type=\"column\" data-e-type=\"column\">\n\t\t\t<div class=\"elementor-widget-wrap elementor-element-populated\">\n\t\t\t\t\t\t<div class=\"elementor-element elementor-element-383f796 elementor-widget elementor-widget-video\" data-id=\"383f796\" data-element_type=\"widget\" data-e-type=\"widget\" data-settings=\"{&quot;youtube_url&quot;:&quot;https:\\\/\\\/youtu.be\\\/6Fek3B5FCKU&quot;,&quot;video_type&quot;:&quot;youtube&quot;,&quot;controls&quot;:&quot;yes&quot;}\" data-widget_type=\"video.default\">\n\t\t\t\t<div class=\"elementor-widget-container\">\n\t\t\t\t\t\t\t<div class=\"elementor-wrapper elementor-open-inline\">\n\t\t\t<div class=\"elementor-video\"><\/div>\t\t<\/div>\n\t\t\t\t\t\t<\/div>\n\t\t\t\t<\/div>\n\t\t\t\t\t<\/div>\n\t\t<\/div>\n\t\t\t\t<div class=\"elementor-column elementor-col-33 elementor-top-column elementor-element elementor-element-52455b0\" data-id=\"52455b0\" data-element_type=\"column\" data-e-type=\"column\">\n\t\t\t<div class=\"elementor-widget-wrap elementor-element-populated\">\n\t\t\t\t\t\t<div class=\"elementor-element elementor-element-88a3409 elementor-widget elementor-widget-video\" data-id=\"88a3409\" data-element_type=\"widget\" data-e-type=\"widget\" data-settings=\"{&quot;youtube_url&quot;:&quot;https:\\\/\\\/youtu.be\\\/t_rYYkyykTw&quot;,&quot;video_type&quot;:&quot;youtube&quot;,&quot;controls&quot;:&quot;yes&quot;}\" data-widget_type=\"video.default\">\n\t\t\t\t<div class=\"elementor-widget-container\">\n\t\t\t\t\t\t\t<div class=\"elementor-wrapper elementor-open-inline\">\n\t\t\t<div class=\"elementor-video\"><\/div>\t\t<\/div>\n\t\t\t\t\t\t<\/div>\n\t\t\t\t<\/div>\n\t\t\t\t\t<\/div>\n\t\t<\/div>\n\t\t\t\t\t<\/div>\n\t\t<\/section>\n\t\t\t\t<section class=\"elementor-section elementor-top-section elementor-element elementor-element-9ada0e3 elementor-section-boxed elementor-section-height-default elementor-section-height-default\" data-id=\"9ada0e3\" data-element_type=\"section\" data-e-type=\"section\">\n\t\t\t\t\t\t<div class=\"elementor-container elementor-column-gap-default\">\n\t\t\t\t\t<div class=\"elementor-column elementor-col-100 elementor-top-column elementor-element elementor-element-388e451\" data-id=\"388e451\" data-element_type=\"column\" data-e-type=\"column\">\n\t\t\t<div class=\"elementor-widget-wrap elementor-element-populated\">\n\t\t\t\t\t\t<div class=\"elementor-element elementor-element-9425046 elementor-widget elementor-widget-text-editor\" data-id=\"9425046\" data-element_type=\"widget\" data-e-type=\"widget\" data-widget_type=\"text-editor.default\">\n\t\t\t\t<div class=\"elementor-widget-container\">\n\t\t\t\t\t\t\t\t\t<h3><strong>OK-Vekst Innlandet er oppl\u00e6ringskontoret for\u00a0<em>Vekst og arbeidsinkluderende bedrifter<\/em> i Innlandet og best\u00e5r av 17 medlemsbedrifter.<\/strong><\/h3>\t\t\t\t\t\t\t\t<\/div>\n\t\t\t\t<\/div>\n\t\t\t\t<div class=\"elementor-element elementor-element-409c39d elementor-widget elementor-widget-text-editor\" data-id=\"409c39d\" data-element_type=\"widget\" data-e-type=\"widget\" data-widget_type=\"text-editor.default\">\n\t\t\t\t<div class=\"elementor-widget-container\">\n\t\t\t\t\t\t\t\t\t<p>Et oppl\u00e6ringskontor er et samarbeidsorgan der flere godkjente l\u00e6rebedrifter samarbeider om oppl\u00e6ring av sine l\u00e6rlinger og l\u00e6rekandidater. Dette kan eksistere b\u00e5de bransjevis og som tverrfaglige oppl\u00e6ringskontorer. Oppl\u00e6ringskontoret inng\u00e5r en oppl\u00e6ringskontrakt med l\u00e6rekandidaten, men det er bedriften som ansetter l\u00e6rekandidaten som har l\u00f8nns- og arbeidsgiveransvaret. L\u00e6rekandidaten kan v\u00e6re stasjonert i bedrifter innen ulike fag, som f.eks. ern\u00e6ringskokk, m\u00f8belsnekker, logistikk og salgslaget.<\/p><div class=\"elementor-element elementor-element-aadafa9 elementor-widget elementor-widget-heading\" data-id=\"aadafa9\" data-element_type=\"widget\" data-widget_type=\"heading.default\"><div class=\"elementor-widget-container\"><h5 class=\"elementor-heading-title elementor-size-default\">Noen av OK Vekst sine oppgaver<\/h5><\/div><\/div><div class=\"elementor-element elementor-element-d1f78a7 elementor-widget elementor-widget-text-editor\" data-id=\"d1f78a7\" data-element_type=\"widget\" data-widget_type=\"text-editor.default\"><div class=\"elementor-widget-container\"><ul><li>Informasjonsarbeid til skoler og andre om l\u00e6rekandidatordningen for aktuelle s\u00f8kere<\/li><li>Samarbeid med skoler om s\u00f8kere og koordinering av yrkesfaglig fordypning (YFF)<\/li><li>Samarbeid med Innlandet Fylkeskommune\u00a0om inng\u00e5else av oppl\u00e6ringskontrakter<\/li><li>Fungere som et bindeledd mellom medlemsbedriftene, l\u00e6rekandidatene og fylkeskommunen<\/li><li>Samarbeid med medlemsbedriftene om oppstart, individuelle oppl\u00e6ringsplaner,<br \/>vurderingssamtaler, samt generell oppf\u00f8lging av l\u00e6rekandidatene gjennom l\u00e6retiden<\/li><li>Ansvarlig for oppmelding til kompetansepr\u00f8ven<\/li><li>Gi relevant kompetanseutvikling i bedriftene<\/li><li>Samarbeid med fylkeskommunen om utdeling av kompetansebrev<\/li><\/ul><\/div><\/div><p>\u00a0<\/p>\t\t\t\t\t\t\t\t<\/div>\n\t\t\t\t<\/div>\n\t\t\t\t<div class=\"elementor-element elementor-element-1e32e7e elementor-widget elementor-widget-text-editor\" data-id=\"1e32e7e\" data-element_type=\"widget\" data-e-type=\"widget\" data-widget_type=\"text-editor.default\">\n\t\t\t\t<div class=\"elementor-widget-container\">\n\t\t\t\t\t\t\t\t\t<h4><strong>Last ned informasjonsbrosjyre her: \u00a0<a href=\"https:\/\/vekstinnlandet.no\/wp-content\/uploads\/2021\/09\/OK-Veskt-Innlandet-brosjyre-sept-2021.pdf\" target=\"_blank\" rel=\"noopener\">OK-Vekst Innlandet her<\/a>.<\/strong><\/h4><h4><strong>Klikk p\u00e5 \u00e5rshjulet under for \u00e5 f\u00e5 tilgang til digital versjon med mer informasjon<\/strong><\/h4>\t\t\t\t\t\t\t\t<\/div>\n\t\t\t\t<\/div>\n\t\t\t\t\t<\/div>\n\t\t<\/div>\n\t\t\t\t\t<\/div>\n\t\t<\/section>\n\t\t\t\t<section class=\"elementor-section elementor-top-section elementor-element elementor-element-c91ce45 elementor-section-boxed elementor-section-height-default elementor-section-height-default\" data-id=\"c91ce45\" data-element_type=\"section\" data-e-type=\"section\">\n\t\t\t\t\t\t<div class=\"elementor-container elementor-column-gap-default\">\n\t\t\t\t\t<div class=\"elementor-column elementor-col-100 elementor-top-column elementor-element elementor-element-1e382f7\" data-id=\"1e382f7\" data-element_type=\"column\" data-e-type=\"column\">\n\t\t\t<div class=\"elementor-widget-wrap elementor-element-populated\">\n\t\t\t\t\t\t<div class=\"elementor-element elementor-element-8a6eaf6 elementor-widget elementor-widget-image\" data-id=\"8a6eaf6\" data-element_type=\"widget\" data-e-type=\"widget\" data-widget_type=\"image.default\">\n\t\t\t\t<div class=\"elementor-widget-container\">\n\t\t\t\t\t\t\t\t\t\t\t\t<figure class=\"wp-caption\">\n\t\t\t\t\t\t\t\t\t\t\t<a href=\"https:\/\/create.plandisc.com\/566nu01\">\n\t\t\t\t\t\t\t<img fetchpriority=\"high\" decoding=\"async\" width=\"1024\" height=\"1010\" src=\"https:\/\/vekstinnlandet.no\/wp-content\/uploads\/2023\/11\/Arshjul-bilde-1024x1010.jpg\" class=\"attachment-large size-large wp-image-1143\" alt=\"\" srcset=\"https:\/\/vekstinnlandet.no\/wp-content\/uploads\/2023\/11\/Arshjul-bilde-1024x1010.jpg 1024w, https:\/\/vekstinnlandet.no\/wp-content\/uploads\/2023\/11\/Arshjul-bilde-300x296.jpg 300w, https:\/\/vekstinnlandet.no\/wp-content\/uploads\/2023\/11\/Arshjul-bilde-768x757.jpg 768w, https:\/\/vekstinnlandet.no\/wp-content\/uploads\/2023\/11\/Arshjul-bilde-1536x1514.jpg 1536w, https:\/\/vekstinnlandet.no\/wp-content\/uploads\/2023\/11\/Arshjul-bilde-2048x2019.jpg 2048w\" sizes=\"(max-width: 1024px) 100vw, 1024px\" \/>\t\t\t\t\t\t\t\t<\/a>\n\t\t\t\t\t\t\t\t\t\t\t<figcaption class=\"widget-image-caption wp-caption-text\">\u00c5rshjul OK Vekst Innlandet<\/figcaption>\n\t\t\t\t\t\t\t\t\t\t<\/figure>\n\t\t\t\t\t\t\t\t\t<\/div>\n\t\t\t\t<\/div>\n\t\t\t\t\t<\/div>\n\t\t<\/div>\n\t\t\t\t\t<\/div>\n\t\t<\/section>\n\t\t\t\t<\/div>\n\t\t","protected":false},"excerpt":{"rendered":"<p>Om OK Vekst Innlandet https:\/\/youtu.be\/xZ56J5gFIgchttps:\/\/youtu.be\/6Fek3B5FCKUhttps:\/\/youtu.be\/t_rYYkyykTw OK-Vekst Innlandet er oppl\u00e6ringskontoret for\u00a0Vekst og arbeidsinkluderende bedrifter i Innlandet og best\u00e5r av 17 medlemsbedrifter. Et oppl\u00e6ringskontor er et samarbeidsorgan der flere godkjente l\u00e6rebedrifter samarbeider om oppl\u00e6ring av sine l\u00e6rlinger og l\u00e6rekandidater. Dette kan eksistere b\u00e5de bransjevis og som tverrfaglige oppl\u00e6ringskontorer. Oppl\u00e6ringskontoret inng\u00e5r en oppl\u00e6ringskontrakt med l\u00e6rekandidaten, men det er &hellip;<\/p>\n<p class=\"read-more\"> <a class=\"\" href=\"https:\/\/vekstinnlandet.no\/index.php\/om-oss\/\"> <span class=\"screen-reader-text\">Om oss<\/span> Les mer &raquo;<\/a><\/p>\n","protected":false},"author":1,"featured_media":0,"parent":0,"menu_order":0,"comment_status":"closed","ping_status":"closed","template":"","meta":{"footnotes":""},"class_list":["post-25","page","type-page","status-publish","hentry"],"_links":{"self":[{"href":"https:\/\/vekstinnlandet.no\/index.php\/wp-json\/wp\/v2\/pages\/25","targetHints":{"allow":["GET"]}}],"collection":[{"href":"https:\/\/vekstinnlandet.no\/index.php\/wp-json\/wp\/v2\/pages"}],"about":[{"href":"https:\/\/vekstinnlandet.no\/index.php\/wp-json\/wp\/v2\/types\/page"}],"author":[{"embeddable":true,"href":"https:\/\/vekstinnlandet.no\/index.php\/wp-json\/wp\/v2\/users\/1"}],"replies":[{"embeddable":true,"href":"https:\/\/vekstinnlandet.no\/index.php\/wp-json\/wp\/v2\/comments?post=25"}],"version-history":[{"count":70,"href":"https:\/\/vekstinnlandet.no\/index.php\/wp-json\/wp\/v2\/pages\/25\/revisions"}],"predecessor-version":[{"id":1232,"href":"https:\/\/vekstinnlandet.no\/index.php\/wp-json\/wp\/v2\/pages\/25\/revisions\/1232"}],"wp:attachment":[{"href":"https:\/\/vekstinnlandet.no\/index.php\/wp-json\/wp\/v2\/media?parent=25"}],"curies":[{"name":"wp","href":"https:\/\/api.w.org\/{rel}","templated":true}]}}